{"id":391,"date":"2024-02-13T19:53:56","date_gmt":"2024-02-13T19:53:56","guid":{"rendered":"https:\/\/mariposasdulces.com.mx\/?page_id=391"},"modified":"2024-02-13T20:23:28","modified_gmt":"2024-02-13T20:23:28","slug":"terminos-y-condiciones","status":"publish","type":"page","link":"https:\/\/mariposasdulces.com.mx\/?page_id=391","title":{"rendered":"Terminos y Condiciones"},"content":{"rendered":"\t\t<div data-elementor-type=\"wp-page\" data-elementor-id=\"391\" class=\"elementor elementor-391\" data-elementor-post-type=\"page\">\n\t\t\t\t<div class=\"elementor-element elementor-element-ef777a0 e-flex e-con-boxed e-con e-parent\" data-id=\"ef777a0\" data-element_type=\"container\">\n\t\t\t\t\t<div class=\"e-con-inner\">\n\t\t\t\t<div class=\"elementor-element elementor-element-7808d67 elementor-widget elementor-widget-heading\" data-id=\"7808d67\" data-element_type=\"widget\" data-widget_type=\"heading.default\">\n\t\t\t\t<div class=\"elementor-widget-container\">\n\t\t\t\t\t<h2 class=\"elementor-heading-title elementor-size-default\">T\u00e9rminos y Condiciones<\/h2>\t\t\t\t<\/div>\n\t\t\t\t<\/div>\n\t\t\t\t\t<\/div>\n\t\t\t\t<\/div>\n\t\t<div class=\"elementor-element elementor-element-ea12f45 e-flex e-con-boxed e-con e-parent\" data-id=\"ea12f45\" data-element_type=\"container\">\n\t\t\t\t\t<div class=\"e-con-inner\">\n\t\t\t\t<div class=\"elementor-element elementor-element-4704117 elementor-widget elementor-widget-heading\" data-id=\"4704117\" data-element_type=\"widget\" data-widget_type=\"heading.default\">\n\t\t\t\t<div class=\"elementor-widget-container\">\n\t\t\t\t\t<h2 class=\"elementor-heading-title elementor-size-default\">Pedidos<\/h2>\t\t\t\t<\/div>\n\t\t\t\t<\/div>\n\t\t\t\t<div class=\"elementor-element elementor-element-65d7547 elementor-widget elementor-widget-text-editor\" data-id=\"65d7547\" data-element_type=\"widget\" data-widget_type=\"text-editor.default\">\n\t\t\t\t<div class=\"elementor-widget-container\">\n\t\t\t\t\t\t\t\t\t<p>Los Pedidos deben ser realizados al menos con 2 d\u00edas de anticipaci\u00f3n.<\/p><p>Aceptamos sus Pedidos mediante el formulario de Contacto o por WhatsApp al 55 1295 3892.<\/p><p>Una vez recibido su Pedido lo confirmamos, acordamos la entrega y proporcionamos informaci\u00f3n para que pueda realizar el pago.<\/p>\t\t\t\t\t\t\t\t<\/div>\n\t\t\t\t<\/div>\n\t\t\t\t<div class=\"elementor-element elementor-element-c4cdf0c elementor-widget elementor-widget-heading\" data-id=\"c4cdf0c\" data-element_type=\"widget\" data-widget_type=\"heading.default\">\n\t\t\t\t<div class=\"elementor-widget-container\">\n\t\t\t\t\t<h2 class=\"elementor-heading-title elementor-size-default\">Env\u00edos<\/h2>\t\t\t\t<\/div>\n\t\t\t\t<\/div>\n\t\t\t\t<div class=\"elementor-element elementor-element-31e0669 elementor-widget elementor-widget-text-editor\" data-id=\"31e0669\" data-element_type=\"widget\" data-widget_type=\"text-editor.default\">\n\t\t\t\t<div class=\"elementor-widget-container\">\n\t\t\t\t\t\t\t\t\t<p>Entregamos pedidos mayores de $260 sin costo en zonas cercanas a nuestro domicilio, para ello es necesario nos proporcione la direcci\u00f3n de entrega y podamos confirmar la entrega sin costo o le proporcionamos el costo de la entrega.\u00a0<\/p>\t\t\t\t\t\t\t\t<\/div>\n\t\t\t\t<\/div>\n\t\t\t\t<div class=\"elementor-element elementor-element-671db82 elementor-widget elementor-widget-heading\" data-id=\"671db82\" data-element_type=\"widget\" data-widget_type=\"heading.default\">\n\t\t\t\t<div class=\"elementor-widget-container\">\n\t\t\t\t\t<h2 class=\"elementor-heading-title elementor-size-default\">Devoluciones \/ Cancelaciones<\/h2>\t\t\t\t<\/div>\n\t\t\t\t<\/div>\n\t\t\t\t<div class=\"elementor-element elementor-element-5a0e087 elementor-widget elementor-widget-text-editor\" data-id=\"5a0e087\" data-element_type=\"widget\" data-widget_type=\"text-editor.default\">\n\t\t\t\t<div class=\"elementor-widget-container\">\n\t\t\t\t\t\t\t\t\t<p>Por la naturaleza de nuestros productos no aceptamos devoluciones una vez realizada la entrega.<\/p><p>Cancelaci\u00f3n de Pedidos con al menos 1 d\u00eda de anticipaci\u00f3n respecto a le fecha\/hora acordada de entrega al momento de confirmar su pedido.<\/p>\t\t\t\t\t\t\t\t<\/div>\n\t\t\t\t<\/div>\n\t\t\t\t\t<\/div>\n\t\t\t\t<\/div>\n\t\t\t\t<\/div>\n\t\t","protected":false},"excerpt":{"rendered":"<p>T\u00e9rminos y Condiciones Pedidos Los Pedidos deben ser realizados al menos con 2 d\u00edas de anticipaci\u00f3n. Aceptamos sus Pedidos mediante el formulario de Contacto o por WhatsApp al 55 1295 3892. Una vez recibido su Pedido lo confirmamos, acordamos la entrega y proporcionamos informaci\u00f3n para que pueda realizar el pago. Env\u00edos Entregamos pedidos mayores de [&hellip;]<\/p>\n","protected":false},"author":1,"featured_media":0,"parent":0,"menu_order":0,"comment_status":"closed","ping_status":"closed","template":"","meta":{"om_disable_all_campaigns":false,"_monsterinsights_skip_tracking":false,"_monsterinsights_sitenote_active":false,"_monsterinsights_sitenote_note":"","_monsterinsights_sitenote_category":0,"_uf_show_specific_survey":0,"_uf_disable_surveys":false,"footnotes":""},"class_list":["post-391","page","type-page","status-publish","hentry"],"aioseo_notices":[],"_links":{"self":[{"href":"https:\/\/mariposasdulces.com.mx\/index.php?rest_route=\/wp\/v2\/pages\/391","targetHints":{"allow":["GET"]}}],"collection":[{"href":"https:\/\/mariposasdulces.com.mx\/index.php?rest_route=\/wp\/v2\/pages"}],"about":[{"href":"https:\/\/mariposasdulces.com.mx\/index.php?rest_route=\/wp\/v2\/types\/page"}],"author":[{"embeddable":true,"href":"https:\/\/mariposasdulces.com.mx\/index.php?rest_route=\/wp\/v2\/users\/1"}],"replies":[{"embeddable":true,"href":"https:\/\/mariposasdulces.com.mx\/index.php?rest_route=%2Fwp%2Fv2%2Fcomments&post=391"}],"version-history":[{"count":10,"href":"https:\/\/mariposasdulces.com.mx\/index.php?rest_route=\/wp\/v2\/pages\/391\/revisions"}],"predecessor-version":[{"id":405,"href":"https:\/\/mariposasdulces.com.mx\/index.php?rest_route=\/wp\/v2\/pages\/391\/revisions\/405"}],"wp:attachment":[{"href":"https:\/\/mariposasdulces.com.mx\/index.php?rest_route=%2Fwp%2Fv2%2Fmedia&parent=391"}],"curies":[{"name":"wp","href":"https:\/\/api.w.org\/{rel}","templated":true}]}}